{"id":82769,"date":"2023-09-28T23:05:04","date_gmt":"2023-09-28T21:05:04","guid":{"rendered":"https:\/\/suitex.it\/?page_id=82769"},"modified":"2023-09-29T09:31:32","modified_gmt":"2023-09-29T07:31:32","slug":"clients-txt","status":"publish","type":"page","link":"https:\/\/suitex.it\/en\/references\/clients-txt\/","title":{"rendered":"Clienti"},"content":{"rendered":"<p>Some clients of Suitex International, the executive search firm specialized in fashion, luxury, textiles, clothing, footwear, leather goods, industrial supplies, jewelry, accessories, design, furniture and beauty.<\/p>\n<h3 class=\"brand_name\">LUXURY<\/h3>\n<hr class=\"line\" \/>\n<p>Aquazzura, Berluti, Brioni, Christian Dior, Christian Louboutin, Dolce&amp;Gabbana, Ermanno Scervino, Fendi, Gianni Versace, Gianvito Rossi, Herm\u00e8s, Kiton, Loro Piana, Louis Vuitton, Moncler, Philipp Plein, Prada, Roberto Cavalli, Zuhair Murad<\/p>\n<h3 class=\"brand_name\">WOMAN<\/h3>\n<hr class=\"line\" \/>\n<p>Aida Barni, Akris, Alberta Ferretti, Alpha Studio, Chiara Boni, Diana Gallesi, Elena Mir\u00f3, Elisabetta Franchi, Forte Forte, Kocca, Liu Jo, Luisa Spagnoli, Malloni, Manila Grace, Marella, Miroglio, Moschino, Pango &#8211; Gaia Life, Parosh, Patrizia Pepe, Penny Black, Peserico, Samsung Fashion, Subdued, Tally Weijl<\/p>\n<h3 class=\"brand_name\">MAN<\/h3>\n<hr class=\"line\" \/>\n<p>Allegri, Antony Morato, Barba, Belvest, Brooks Brothers, Brooksfield, Canali, Corneliani, Hugo Boss, Malagrida, Paul&amp;Shark, Pt01, Sealup, Stone Island, Ermenegildo Zegna<\/p>\n<h3 class=\"brand_name\">URBAN<\/h3>\n<hr class=\"line\" \/>\n<p>Alyx, Calvin Klein, Diesel, Eastpak, Franklin&amp;Marshall, Lee, Levi&#8217;s, Napapijri, Replay, Slam Jam, Woolrich, Wrangler<\/p>\n<h3 class=\"brand_name\">UNDERWEAR, BEACHWEAR &amp; HOMEWEAR<\/h3>\n<hr class=\"line\" \/>\n<p>Barbara, Cotonella, CSP, Filodoro, Ghiro, Golden Lady, Intima Moda Verdissima, La Perla, Liabel, Lise Charmel, Miss Bikini, Omsa, Orobl\u00f9, Perofil, Pin-Up Stars, Pompea, Schiesser, Simone P\u00e9r\u00e8le, Sisi<\/p>\n<h3 class=\"brand_name\">JUNIOR<\/h3>\n<hr class=\"line\" \/>\n<p>Altana, Arnetta, Chlo\u00e8, Dkny, Dondup, Elisabetta Franchi, Ga\u00eblle Paris, Hugo Boss, Karl Lagerfeld, Little Marc Jacobs, Miniconf, Monnalisa, Original Marines, Replay &amp; Sons, Tagliatore, Timberland<\/p>\n<h3 class=\"brand_name\">SPORTING GOODS<\/h3>\n<hr class=\"line\" \/>\n<p>Amer Sport, Asics, Atomic, Babolat, Briko, Brooks England, Colmar, Converse, Dainese, Diadora, Dynafit, Equiline, Fi\u2019zi:k, Lacoste, La Sportiva, Lotto, Nike, Oberalp, Patagonia, Puma, Reebok, Rossignol, Rudy Project, Salomon, Scorpion Bay, Selle Royal, Speedo, Suunto, Technisub, Tecnica, The North Face, Wilson<\/p>\n<h3 class=\"brand_name\">CLOTHING SUPPLY<\/h3>\n<hr class=\"line\" \/>\n<p>Alcantara, Amf Snaps, Canepa, Cittadini, Clerici Tessuto, Coats Cucirini, Coronet, Co.De.Tex, Emmetex, Floridi, Gritti, Hans Boodt, Itochu, Leggiuno, Magic Sfea, Mantero Seta, Miroglio Textile, Moessmer, New Crazy Colors, Lorma &#8211; TAT, Olimpias, Reda Successori, Riri, Sampietro, Set, Ska Italia, S.P.M., Ultima Italia,<br \/>\nVitale Barberis Canonico, WL Gore, YKK<\/p>\n<h3 class=\"brand_name\">FOOTWEAR SUPPLY<\/h3>\n<hr class=\"line\" \/>\n<p>Chiorino, Eurosuole, Italian Converter, Malaspina, Mastrotto, Nastritessuti, Vibram<\/p>\n<h3 class=\"brand_name\">RETAIL<\/h3>\n<hr class=\"line\" \/>\n<p>10 Corso Como, And, Bata, Carpisa, Conbipel, Doppelg\u00e4nger, Grandi Stazioni Retail, Golden Point, Kiko, La Rinascente, Nico, Piazza Italia, Retail Group, Tally Weijl, Terranova, Ermenegildo Zegna<\/p>\n<h3 class=\"brand_name\">FOOTWEAR<\/h3>\n<hr class=\"line\" \/>\n<p>Aquazzura, A.Testoni, Baldinini, Berluti, Birkenstock, Bruel, Caf\u00e8 Noir, Calpierre, Clarks, Fratelli Rossetti, Geox, Giancarlo Paoli, Goldstar, Grisport, Havaianas, Hugo Boss Shoes, Janet &amp; Janet, Levi\u2019s Footwear, Louis Vuitton, Nero Giardini, Onitsuka Tiger, Pantofola d\u2019Oro, Primigi, Rossimoda, Scholl, Skechers, Stonefly, Timberland,<br \/>\nValleverde, Vic Mati\u00e9, Voltan<\/p>\n<h3 class=\"brand_name\">LEATHER GOODS<\/h3>\n<hr class=\"line\" \/>\n<p>Andrea Mabiani, Carpisa, Coccinelle, Colombo Via Della Spiga, Delsey, Furla, Louis Vuitton, Longchamp, Mal\u00ecparmi, Nannini, Paula Cademartori, Piquadro, Toscablu<\/p>\n<h3 class=\"brand_name\">JEWELS, EYEWEAR &amp; ACCESSORIES<\/h3>\n<hr class=\"line\" \/>\n<p>Annamaria Cammilli, Antica Murrina, Chantecler, Chimento, Chopard, Cielo Venezia, De Rigo, D\u2019Orica, Fendi, Fossil, Gismondi 1754, Marchon, Marcolin, Morellato, Nomination, Polinelli, Safilo, Swarovski, Vhernier<\/p>\n<h3 class=\"brand_name\">DESIGN &amp; TEXTILE FURNITURE<\/h3>\n<hr class=\"line\" \/>\n<p>Alcantara, Baxter, Club House Fendi, Dedar, D\u2019Etoffe, Doimo, Enzo Degli Angiuoni, Gessi, Prosetex, Rubelli, Snaidero, Vigan\u00f2<\/p>\n<h3 class=\"brand_name\">BEAUTY<\/h3>\n<hr class=\"line\" \/>\n<p>AGF88, Bella Oggi, Diego Dalla Palma, GHD, Harbor, Kiko, Lady Bird, Matis Paris, MB Divisione Cosmetica, Pidielle, Pupa, Tigi, Vagheggi<\/p>\n<p>&nbsp;<\/p>\n<p>WHAT CAN WE DO FOR YOUR COMPANY?<br \/>\nWE MANAGE THE GROWTH OF YOUR BUSINESS AND TEAM<\/p>\n<p><strong><a href=\"https:\/\/suitex.it\/en\/contact-us\/for-companies\/\" target=\"_blank\" rel=\"noopener\">CONTACT US<\/a><\/strong><\/p>\n","protected":false},"excerpt":{"rendered":"<p>Some clients of Suitex International, the executive search firm specialized in fashion, luxury, textiles, clothing, footwear, leather goods, industrial supplies, jewelry, accessories, design, furniture and beauty. LUXURY Aquazzura, Berluti, Brioni, Christian Dior, Christian Louboutin, Dolce&amp;Gabbana, Ermanno Scervino, Fendi, Gianni Versace, Gianvito Rossi, Herm\u00e8s, Kiton, Loro Piana, Louis Vuitton, Moncler, Philipp Plein, Prada, Roberto Cavalli, Zuhair [&hellip;]<\/p>\n","protected":false},"author":20,"featured_media":0,"parent":20793,"menu_order":0,"comment_status":"closed","ping_status":"closed","template":"template-clienti-txt.php","meta":[],"acf":[],"yoast_head":"<!-- This site is optimized with the Yoast SEO plugin v19.13 - https:\/\/yoast.com\/wordpress\/plugins\/seo\/ -->\n<title>Clienti - Suitex International<\/title>\n<meta name=\"robots\" content=\"index, follow, max-snippet:-1, max-image-preview:large, max-video-preview:-1\" \/>\n<link rel=\"canonical\" href=\"https:\/\/suitex.it\/en\/references\/clients-txt\/\" \/>\n<meta property=\"og:locale\" content=\"en_US\" \/>\n<meta property=\"og:type\" content=\"article\" \/>\n<meta property=\"og:title\" content=\"Clienti - Suitex International\" \/>\n<meta property=\"og:description\" content=\"Some clients of Suitex International, the executive search firm specialized in fashion, luxury, textiles, clothing, footwear, leather goods, industrial supplies, jewelry, accessories, design, furniture and beauty. LUXURY Aquazzura, Berluti, Brioni, Christian Dior, Christian Louboutin, Dolce&amp;Gabbana, Ermanno Scervino, Fendi, Gianni Versace, Gianvito Rossi, Herm\u00e8s, Kiton, Loro Piana, Louis Vuitton, Moncler, Philipp Plein, Prada, Roberto Cavalli, Zuhair [&hellip;]\" \/>\n<meta property=\"og:url\" content=\"https:\/\/suitex.it\/en\/references\/clients-txt\/\" \/>\n<meta property=\"og:site_name\" content=\"Suitex International\" \/>\n<meta property=\"article:publisher\" content=\"https:\/\/www.facebook.com\/SuitexInternational\" \/>\n<meta property=\"article:modified_time\" content=\"2023-09-29T07:31:32+00:00\" \/>\n<meta property=\"og:image\" content=\"https:\/\/suitex.it\/wp-content\/uploads\/2021\/03\/logo-suitex2.png\" \/>\n\t<meta property=\"og:image:width\" content=\"1200\" \/>\n\t<meta property=\"og:image:height\" content=\"627\" \/>\n\t<meta property=\"og:image:type\" content=\"image\/png\" \/>\n<meta name=\"twitter:card\" content=\"summary_large_image\" \/>\n<meta name=\"twitter:label1\" content=\"Est. reading time\" \/>\n\t<meta name=\"twitter:data1\" content=\"3 minutes\" \/>\n<script type=\"application\/ld+json\" class=\"yoast-schema-graph\">{\"@context\":\"https:\/\/schema.org\",\"@graph\":[{\"@type\":\"WebPage\",\"@id\":\"https:\/\/suitex.it\/en\/references\/clients-txt\/\",\"url\":\"https:\/\/suitex.it\/en\/references\/clients-txt\/\",\"name\":\"Clienti - Suitex International\",\"isPartOf\":{\"@id\":\"https:\/\/suitex.it\/en\/#website\"},\"datePublished\":\"2023-09-28T21:05:04+00:00\",\"dateModified\":\"2023-09-29T07:31:32+00:00\",\"breadcrumb\":{\"@id\":\"https:\/\/suitex.it\/en\/references\/clients-txt\/#breadcrumb\"},\"inLanguage\":\"en-US\",\"potentialAction\":[{\"@type\":\"ReadAction\",\"target\":[\"https:\/\/suitex.it\/en\/references\/clients-txt\/\"]}]},{\"@type\":\"BreadcrumbList\",\"@id\":\"https:\/\/suitex.it\/en\/references\/clients-txt\/#breadcrumb\",\"itemListElement\":[{\"@type\":\"ListItem\",\"position\":1,\"name\":\"References\",\"item\":\"https:\/\/suitex.it\/en\/references\/\"},{\"@type\":\"ListItem\",\"position\":2,\"name\":\"Clienti\"}]},{\"@type\":\"WebSite\",\"@id\":\"https:\/\/suitex.it\/en\/#website\",\"url\":\"https:\/\/suitex.it\/en\/\",\"name\":\"Suitex International\",\"description\":\"\",\"publisher\":{\"@id\":\"https:\/\/suitex.it\/en\/#organization\"},\"potentialAction\":[{\"@type\":\"SearchAction\",\"target\":{\"@type\":\"EntryPoint\",\"urlTemplate\":\"https:\/\/suitex.it\/en\/?s={search_term_string}\"},\"query-input\":\"required name=search_term_string\"}],\"inLanguage\":\"en-US\"},{\"@type\":\"Organization\",\"@id\":\"https:\/\/suitex.it\/en\/#organization\",\"name\":\"Suitex International\",\"url\":\"https:\/\/suitex.it\/en\/\",\"logo\":{\"@type\":\"ImageObject\",\"inLanguage\":\"en-US\",\"@id\":\"https:\/\/suitex.it\/en\/#\/schema\/logo\/image\/\",\"url\":\"https:\/\/suitex.it\/wp-content\/uploads\/2019\/02\/logo.svg\",\"contentUrl\":\"https:\/\/suitex.it\/wp-content\/uploads\/2019\/02\/logo.svg\",\"caption\":\"Suitex International\"},\"image\":{\"@id\":\"https:\/\/suitex.it\/en\/#\/schema\/logo\/image\/\"},\"sameAs\":[\"https:\/\/www.instagram.com\/suitex_international\/\",\"https:\/\/www.linkedin.com\/company\/suitex-international\/\",\"https:\/\/www.youtube.com\/channel\/UCb5uNvwpaImZEbupowmujQg\",\"https:\/\/www.facebook.com\/SuitexInternational\"]}]}<\/script>\n<!-- \/ Yoast SEO plugin. -->","yoast_head_json":{"title":"Clienti - Suitex International","robots":{"index":"index","follow":"follow","max-snippet":"max-snippet:-1","max-image-preview":"max-image-preview:large","max-video-preview":"max-video-preview:-1"},"canonical":"https:\/\/suitex.it\/en\/references\/clients-txt\/","og_locale":"en_US","og_type":"article","og_title":"Clienti - Suitex International","og_description":"Some clients of Suitex International, the executive search firm specialized in fashion, luxury, textiles, clothing, footwear, leather goods, industrial supplies, jewelry, accessories, design, furniture and beauty. LUXURY Aquazzura, Berluti, Brioni, Christian Dior, Christian Louboutin, Dolce&amp;Gabbana, Ermanno Scervino, Fendi, Gianni Versace, Gianvito Rossi, Herm\u00e8s, Kiton, Loro Piana, Louis Vuitton, Moncler, Philipp Plein, Prada, Roberto Cavalli, Zuhair [&hellip;]","og_url":"https:\/\/suitex.it\/en\/references\/clients-txt\/","og_site_name":"Suitex International","article_publisher":"https:\/\/www.facebook.com\/SuitexInternational","article_modified_time":"2023-09-29T07:31:32+00:00","og_image":[{"width":1200,"height":627,"url":"https:\/\/suitex.it\/wp-content\/uploads\/2021\/03\/logo-suitex2.png","type":"image\/png"}],"twitter_card":"summary_large_image","twitter_misc":{"Est. reading time":"3 minutes"},"schema":{"@context":"https:\/\/schema.org","@graph":[{"@type":"WebPage","@id":"https:\/\/suitex.it\/en\/references\/clients-txt\/","url":"https:\/\/suitex.it\/en\/references\/clients-txt\/","name":"Clienti - Suitex International","isPartOf":{"@id":"https:\/\/suitex.it\/en\/#website"},"datePublished":"2023-09-28T21:05:04+00:00","dateModified":"2023-09-29T07:31:32+00:00","breadcrumb":{"@id":"https:\/\/suitex.it\/en\/references\/clients-txt\/#breadcrumb"},"inLanguage":"en-US","potentialAction":[{"@type":"ReadAction","target":["https:\/\/suitex.it\/en\/references\/clients-txt\/"]}]},{"@type":"BreadcrumbList","@id":"https:\/\/suitex.it\/en\/references\/clients-txt\/#breadcrumb","itemListElement":[{"@type":"ListItem","position":1,"name":"References","item":"https:\/\/suitex.it\/en\/references\/"},{"@type":"ListItem","position":2,"name":"Clienti"}]},{"@type":"WebSite","@id":"https:\/\/suitex.it\/en\/#website","url":"https:\/\/suitex.it\/en\/","name":"Suitex International","description":"","publisher":{"@id":"https:\/\/suitex.it\/en\/#organization"},"potentialAction":[{"@type":"SearchAction","target":{"@type":"EntryPoint","urlTemplate":"https:\/\/suitex.it\/en\/?s={search_term_string}"},"query-input":"required name=search_term_string"}],"inLanguage":"en-US"},{"@type":"Organization","@id":"https:\/\/suitex.it\/en\/#organization","name":"Suitex International","url":"https:\/\/suitex.it\/en\/","logo":{"@type":"ImageObject","inLanguage":"en-US","@id":"https:\/\/suitex.it\/en\/#\/schema\/logo\/image\/","url":"https:\/\/suitex.it\/wp-content\/uploads\/2019\/02\/logo.svg","contentUrl":"https:\/\/suitex.it\/wp-content\/uploads\/2019\/02\/logo.svg","caption":"Suitex International"},"image":{"@id":"https:\/\/suitex.it\/en\/#\/schema\/logo\/image\/"},"sameAs":["https:\/\/www.instagram.com\/suitex_international\/","https:\/\/www.linkedin.com\/company\/suitex-international\/","https:\/\/www.youtube.com\/channel\/UCb5uNvwpaImZEbupowmujQg","https:\/\/www.facebook.com\/SuitexInternational"]}]}},"_links":{"self":[{"href":"https:\/\/suitex.it\/en\/wp-json\/wp\/v2\/pages\/82769"}],"collection":[{"href":"https:\/\/suitex.it\/en\/wp-json\/wp\/v2\/pages"}],"about":[{"href":"https:\/\/suitex.it\/en\/wp-json\/wp\/v2\/types\/page"}],"author":[{"embeddable":true,"href":"https:\/\/suitex.it\/en\/wp-json\/wp\/v2\/users\/20"}],"replies":[{"embeddable":true,"href":"https:\/\/suitex.it\/en\/wp-json\/wp\/v2\/comments?post=82769"}],"version-history":[{"count":3,"href":"https:\/\/suitex.it\/en\/wp-json\/wp\/v2\/pages\/82769\/revisions"}],"predecessor-version":[{"id":82780,"href":"https:\/\/suitex.it\/en\/wp-json\/wp\/v2\/pages\/82769\/revisions\/82780"}],"up":[{"embeddable":true,"href":"https:\/\/suitex.it\/en\/wp-json\/wp\/v2\/pages\/20793"}],"wp:attachment":[{"href":"https:\/\/suitex.it\/en\/wp-json\/wp\/v2\/media?parent=82769"}],"curies":[{"name":"wp","href":"https:\/\/api.w.org\/{rel}","templated":true}]}}